{"id":80,"date":"2018-01-26T10:15:18","date_gmt":"2018-01-26T09:15:18","guid":{"rendered":"http:\/\/chaveco-refrigeration.be\/?page_id=80"},"modified":"2022-11-30T09:07:55","modified_gmt":"2022-11-30T08:07:55","slug":"contact","status":"publish","type":"page","link":"https:\/\/chaveco-refrigeration.be\/index.php\/contact\/","title":{"rendered":"Contact"},"content":{"rendered":"<p>Chaveco SPRL<\/p>\n<div class=\"mod\" data-md=\"1002\" data-hveid=\"131\" data-ved=\"0ahUKEwjSioPDq_XYAhUFKewKHaRfCxYQkCkIgwEoAjAQ\">\n<div class=\"_eFb\">\n<div class=\"_mr kno-fb-ctx\" data-dtype=\"d3adr\" data-local-attribute=\"d3adr\" data-ved=\"0ahUKEwjSioPDq_XYAhUFKewKHaRfCxYQghwIhAEoADAQ\"><span class=\"_Xbe\">Rue froide 86, <\/span><\/div>\n<div class=\"_mr kno-fb-ctx\" data-dtype=\"d3adr\" data-local-attribute=\"d3adr\" data-ved=\"0ahUKEwjSioPDq_XYAhUFKewKHaRfCxYQghwIhAEoADAQ\"><span class=\"_Xbe\">5651 Berz\u00e9e Walcourt<\/span><\/div>\n<\/div>\n<\/div>\n<div class=\"mod\" data-md=\"1006\" data-hveid=\"134\" data-ved=\"0ahUKEwjSioPDq_XYAhUFKewKHaRfCxYQkCkIhgEoAzAR\">\n<div class=\"_eFb\">\n<div class=\"_mr kno-fb-ctx\" data-dtype=\"d3ph\" data-local-attribute=\"d3ph\" data-ved=\"0ahUKEwjSioPDq_XYAhUFKewKHaRfCxYQ8I0BCIcBKAAwEQ\"><span class=\"_xdb\">T\u00e9l\u00e9phone\u00a0: <\/span><span class=\"_Xbe _ZWk kno-fv\"><span data-dtype=\"d3ph\" data-local-attribute=\"d3ph\">071 34 63 40<\/span><\/span><\/div>\n<div data-dtype=\"d3ph\" data-local-attribute=\"d3ph\" data-ved=\"0ahUKEwjSioPDq_XYAhUFKewKHaRfCxYQ8I0BCIcBKAAwEQ\">Mail: CONTACT@CHAVECO-REFRIGERATION.BE<\/div>\n<\/div>\n<\/div>\n<div role=\"form\" class=\"wpcf7\" id=\"wpcf7-f84-o1\" lang=\"fr-FR\" dir=\"ltr\">\n<div class=\"screen-reader-response\"><p role=\"status\" aria-live=\"polite\" aria-atomic=\"true\"><\/p> <ul><\/ul><\/div>\n<form action=\"\/index.php\/wp-json\/wp\/v2\/pages\/80#wpcf7-f84-o1\" method=\"post\" class=\"wpcf7-form init\" novalidate=\"novalidate\" data-status=\"init\">\n<div style=\"display: none;\">\n<input type=\"hidden\" name=\"_wpcf7\" value=\"84\" \/>\n<input type=\"hidden\" name=\"_wpcf7_version\" value=\"5.3.2\" \/>\n<input type=\"hidden\" name=\"_wpcf7_locale\" value=\"fr_FR\" \/>\n<input type=\"hidden\" name=\"_wpcf7_unit_tag\" value=\"wpcf7-f84-o1\" \/>\n<input type=\"hidden\" name=\"_wpcf7_container_post\" value=\"0\" \/>\n<input type=\"hidden\" name=\"_wpcf7_posted_data_hash\" value=\"\" \/>\n<\/div>\n<p><label> Votre nom (obligatoire)<br \/>\n    <span class=\"wpcf7-form-control-wrap your-name\"><input type=\"text\" name=\"your-name\" value=\"\" size=\"40\" class=\"wpcf7-form-control wpcf7-text wpcf7-validates-as-required\" aria-required=\"true\" aria-invalid=\"false\" \/><\/span> <\/label><\/p>\n<p><label> Votre e-mail (obligatoire)<br \/>\n    <span class=\"wpcf7-form-control-wrap your-email\"><input type=\"email\" name=\"your-email\" value=\"\" size=\"40\" class=\"wpcf7-form-control wpcf7-text wpcf7-email wpcf7-validates-as-required wpcf7-validates-as-email\" aria-required=\"true\" aria-invalid=\"false\" \/><\/span> <\/label><\/p>\n<p><label> Sujet<br \/>\n    <span class=\"wpcf7-form-control-wrap your-subject\"><input type=\"text\" name=\"your-subject\" value=\"\" size=\"40\" class=\"wpcf7-form-control wpcf7-text\" aria-invalid=\"false\" \/><\/span> <\/label><\/p>\n<p><label> Votre message<br \/>\n    <span class=\"wpcf7-form-control-wrap your-message\"><textarea name=\"your-message\" cols=\"40\" rows=\"10\" class=\"wpcf7-form-control wpcf7-textarea\" aria-invalid=\"false\"><\/textarea><\/span> <\/label><\/p>\n<p><input type=\"submit\" value=\"Envoyer\" class=\"wpcf7-form-control wpcf7-submit\" \/><\/p>\n<div class=\"wpcf7-response-output\" aria-hidden=\"true\"><\/div><\/form><\/div>\n","protected":false},"excerpt":{"rendered":"<p>Chaveco SPRL Rue froide 86, 5651 Berz\u00e9e Walcourt T\u00e9l\u00e9phone\u00a0: 071 34 63 40 Mail: CONTACT@CHAVECO-REFRIGERATION.BE<\/p>\n","protected":false},"author":1,"featured_media":89,"parent":0,"menu_order":0,"comment_status":"closed","ping_status":"closed","template":"","meta":[],"_links":{"self":[{"href":"https:\/\/chaveco-refrigeration.be\/index.php\/wp-json\/wp\/v2\/pages\/80"}],"collection":[{"href":"https:\/\/chaveco-refrigeration.be\/index.php\/wp-json\/wp\/v2\/pages"}],"about":[{"href":"https:\/\/chaveco-refrigeration.be\/index.php\/wp-json\/wp\/v2\/types\/page"}],"author":[{"embeddable":true,"href":"https:\/\/chaveco-refrigeration.be\/index.php\/wp-json\/wp\/v2\/users\/1"}],"replies":[{"embeddable":true,"href":"https:\/\/chaveco-refrigeration.be\/index.php\/wp-json\/wp\/v2\/comments?post=80"}],"version-history":[{"count":7,"href":"https:\/\/chaveco-refrigeration.be\/index.php\/wp-json\/wp\/v2\/pages\/80\/revisions"}],"predecessor-version":[{"id":152,"href":"https:\/\/chaveco-refrigeration.be\/index.php\/wp-json\/wp\/v2\/pages\/80\/revisions\/152"}],"wp:featuredmedia":[{"embeddable":true,"href":"https:\/\/chaveco-refrigeration.be\/index.php\/wp-json\/wp\/v2\/media\/89"}],"wp:attachment":[{"href":"https:\/\/chaveco-refrigeration.be\/index.php\/wp-json\/wp\/v2\/media?parent=80"}],"curies":[{"name":"wp","href":"https:\/\/api.w.org\/{rel}","templated":true}]}}